{"id":983,"date":"2025-10-22T03:51:27","date_gmt":"2025-10-22T03:51:27","guid":{"rendered":"https:\/\/draexlmaier.themeforest.cn\/?post_type=product&#038;p=983"},"modified":"2026-02-10T07:00:40","modified_gmt":"2026-02-10T07:00:40","slug":"ll-sc1232-a60e-canned-motor-pump","status":"publish","type":"product","link":"https:\/\/www.raylo.net\/es\/producto\/ll-sc1232-a60e-canned-motor-pump\/","title":{"rendered":"Motobomba en lata RL-SC1232-A60E"},"content":{"rendered":"<p>Introducci\u00f3n<br \/>\nEste tipo de bomba de motor encapsulado es muy adecuado para medios t\u00f3xicos, nocivos, propensos a las fugas, vol\u00e1tiles y otros medios conductores y corrosivos. El actuador est\u00e1 equipado con un motor de alta velocidad integrado con un controlador estabilizador de velocidad. La velocidad puede ajustarse mediante comunicaci\u00f3n de datos por bus RS485. Gracias a su dise\u00f1o compacto y reducido y a su funci\u00f3n de velocidad ajustable, resulta muy adecuado para aplicaciones OEM.<\/p>\n<p>&nbsp;<\/p>\n<p>Escenarios de aplicaci\u00f3n<br \/>\nIndustria de semiconductores\/Centro de datos\/Sistema de refrigeraci\u00f3n\/Industria qu\u00edmica\/Instituto de investigaci\u00f3n y desarrollo\/Equipos especializados para la industria alimentaria\/Industria textil\/Tecnolog\u00eda medioambiental\/Productos farmac\u00e9uticos y pesticidas\/Ingenier\u00eda de protecci\u00f3n contra incendios<\/p>\n<p>&nbsp;<\/p>\n<p>Curva de rendimiento<\/p>\n<p><img loading=\"lazy\" decoding=\"async\" class=\"alignnone size-full wp-image-995\" src=\"https:\/\/draexlmaier.themeforest.cn\/wp-content\/uploads\/2025\/10\/3e7be9824e97db3b58caf55b66741c8a.jpg\" alt=\"\" width=\"553\" height=\"397\" srcset=\"https:\/\/www.raylo.net\/wp-content\/uploads\/2025\/10\/3e7be9824e97db3b58caf55b66741c8a.jpg 553w, https:\/\/www.raylo.net\/wp-content\/uploads\/2025\/10\/3e7be9824e97db3b58caf55b66741c8a-150x108.jpg 150w, https:\/\/www.raylo.net\/wp-content\/uploads\/2025\/10\/3e7be9824e97db3b58caf55b66741c8a-300x215.jpg 300w\" sizes=\"auto, (max-width: 553px) 100vw, 553px\" \/><\/p>","protected":false},"excerpt":{"rendered":"<p><img loading=\"lazy\" decoding=\"async\" class=\"alignnone size-full wp-image-1834\" src=\"https:\/\/www.raylo.net\/wp-content\/uploads\/2025\/10\/1232-60.webp\" alt=\"\" width=\"749\" height=\"68\" srcset=\"https:\/\/www.raylo.net\/wp-content\/uploads\/2025\/10\/1232-60.webp 749w, https:\/\/www.raylo.net\/wp-content\/uploads\/2025\/10\/1232-60-18x2.webp 18w, https:\/\/www.raylo.net\/wp-content\/uploads\/2025\/10\/1232-60-600x54.webp 600w, https:\/\/www.raylo.net\/wp-content\/uploads\/2025\/10\/1232-60-150x14.webp 150w\" sizes=\"auto, (max-width: 749px) 100vw, 749px\" \/><\/p>","protected":false},"featured_media":976,"comment_status":"open","ping_status":"closed","template":"","meta":{"_acf_changed":false},"application":[83],"controller":[],"pump-design":[99],"pump-series":[95],"stereotype-standard":[],"product_brand":[],"product_cat":[26,129],"product_tag":[],"class_list":{"0":"post-983","1":"product","2":"type-product","3":"status-publish","4":"has-post-thumbnail","6":"application-data-center-cooling-system","7":"pump-design-canned-motor-pumps","8":"pump-series-ll-sc1232","9":"product_cat-all-products","10":"product_cat-pump","11":"pa_conveyed-liquid-ethylene-glycol-solution","12":"pa_conveyed-liquid-fluoride-solution","13":"pa_conveyed-liquid-natural-water-body","14":"pa_conveyed-liquid-propylene-glycol-solution","15":"pa_conveyed-liquid-pure-water","16":"pa_conveyed-liquid-refrigerant","17":"pa_flow-q-103","18":"pa_head-h-104","19":"pa_hydraulic-unit-type-alone","20":"pa_liquid-temperature-range-105","21":"pa_maximum-working-pressure-1-6mpa","22":"pa_pump-material-stainless-steel","23":"pa_rubber-vmq","24":"pa_voltage-dc48v","26":"first","27":"instock","28":"shipping-taxable","29":"product-type-simple"},"acf":[],"yoast_head":"<!-- This site is optimized with the Yoast SEO plugin v27.1.1 - https:\/\/yoast.com\/product\/yoast-seo-wordpress\/ -->\n<title>RL-SC1232-A60E Canned Motor Pump - Raylo<\/title>\n<meta name=\"robots\" content=\"index, follow, max-snippet:-1, max-image-preview:large, max-video-preview:-1\" \/>\n<link rel=\"canonical\" href=\"https:\/\/www.raylo.net\/es\/producto\/ll-sc1232-a60e-canned-motor-pump\/\" \/>\n<meta property=\"og:locale\" content=\"es_ES\" \/>\n<meta property=\"og:type\" content=\"article\" \/>\n<meta property=\"og:title\" content=\"RL-SC1232-A60E Canned Motor Pump - Raylo\" \/>\n<meta property=\"og:url\" content=\"https:\/\/www.raylo.net\/es\/producto\/ll-sc1232-a60e-canned-motor-pump\/\" \/>\n<meta property=\"og:site_name\" content=\"Raylo\" \/>\n<meta property=\"article:modified_time\" content=\"2026-02-10T07:00:40+00:00\" \/>\n<meta property=\"og:image\" content=\"https:\/\/www.raylo.net\/wp-content\/uploads\/2025\/10\/1-4-scaled.jpg\" \/>\n\t<meta property=\"og:image:width\" content=\"2560\" \/>\n\t<meta property=\"og:image:height\" content=\"2034\" \/>\n\t<meta property=\"og:image:type\" content=\"image\/jpeg\" \/>\n<meta name=\"twitter:card\" content=\"summary_large_image\" \/>\n<script type=\"application\/ld+json\" class=\"yoast-schema-graph\">{\"@context\":\"https:\/\/schema.org\",\"@graph\":[{\"@type\":\"WebPage\",\"@id\":\"https:\/\/www.raylo.net\/product\/ll-sc1232-a60e-canned-motor-pump\/\",\"url\":\"https:\/\/www.raylo.net\/product\/ll-sc1232-a60e-canned-motor-pump\/\",\"name\":\"RL-SC1232-A60E Canned Motor Pump - Raylo\",\"isPartOf\":{\"@id\":\"https:\/\/www.raylo.net\/#website\"},\"primaryImageOfPage\":{\"@id\":\"https:\/\/www.raylo.net\/product\/ll-sc1232-a60e-canned-motor-pump\/#primaryimage\"},\"image\":{\"@id\":\"https:\/\/www.raylo.net\/product\/ll-sc1232-a60e-canned-motor-pump\/#primaryimage\"},\"thumbnailUrl\":\"https:\/\/www.raylo.net\/wp-content\/uploads\/2025\/10\/1-4-scaled.jpg\",\"datePublished\":\"2025-10-22T03:51:27+00:00\",\"dateModified\":\"2026-02-10T07:00:40+00:00\",\"breadcrumb\":{\"@id\":\"https:\/\/www.raylo.net\/product\/ll-sc1232-a60e-canned-motor-pump\/#breadcrumb\"},\"inLanguage\":\"es\",\"potentialAction\":[{\"@type\":\"ReadAction\",\"target\":[\"https:\/\/www.raylo.net\/product\/ll-sc1232-a60e-canned-motor-pump\/\"]}]},{\"@type\":\"ImageObject\",\"inLanguage\":\"es\",\"@id\":\"https:\/\/www.raylo.net\/product\/ll-sc1232-a60e-canned-motor-pump\/#primaryimage\",\"url\":\"https:\/\/www.raylo.net\/wp-content\/uploads\/2025\/10\/1-4-scaled.jpg\",\"contentUrl\":\"https:\/\/www.raylo.net\/wp-content\/uploads\/2025\/10\/1-4-scaled.jpg\",\"width\":2560,\"height\":2034},{\"@type\":\"BreadcrumbList\",\"@id\":\"https:\/\/www.raylo.net\/product\/ll-sc1232-a60e-canned-motor-pump\/#breadcrumb\",\"itemListElement\":[{\"@type\":\"ListItem\",\"position\":1,\"name\":\"Home\",\"item\":\"https:\/\/www.raylo.net\/\"},{\"@type\":\"ListItem\",\"position\":2,\"name\":\"Shop\",\"item\":\"https:\/\/www.raylo.net\/shop\/\"},{\"@type\":\"ListItem\",\"position\":3,\"name\":\"RL-SC1232-A60E Canned Motor Pump\"}]},{\"@type\":\"WebSite\",\"@id\":\"https:\/\/www.raylo.net\/#website\",\"url\":\"https:\/\/www.raylo.net\/\",\"name\":\"Raylo\",\"description\":\"\",\"publisher\":{\"@id\":\"https:\/\/www.raylo.net\/#organization\"},\"potentialAction\":[{\"@type\":\"SearchAction\",\"target\":{\"@type\":\"EntryPoint\",\"urlTemplate\":\"https:\/\/www.raylo.net\/?s={search_term_string}\"},\"query-input\":{\"@type\":\"PropertyValueSpecification\",\"valueRequired\":true,\"valueName\":\"search_term_string\"}}],\"inLanguage\":\"es\"},{\"@type\":\"Organization\",\"@id\":\"https:\/\/www.raylo.net\/#organization\",\"name\":\"Raylo\",\"url\":\"https:\/\/www.raylo.net\/\",\"logo\":{\"@type\":\"ImageObject\",\"inLanguage\":\"es\",\"@id\":\"https:\/\/www.raylo.net\/#\/schema\/logo\/image\/\",\"url\":\"https:\/\/www.raylo.net\/wp-content\/uploads\/2025\/09\/Logo.svg\",\"contentUrl\":\"https:\/\/www.raylo.net\/wp-content\/uploads\/2025\/09\/Logo.svg\",\"caption\":\"Raylo\"},\"image\":{\"@id\":\"https:\/\/www.raylo.net\/#\/schema\/logo\/image\/\"}}]}<\/script>\n<!-- \/ Yoast SEO plugin. -->","yoast_head_json":{"title":"RL-SC1232-A60E Canned Motor Pump - Raylo","robots":{"index":"index","follow":"follow","max-snippet":"max-snippet:-1","max-image-preview":"max-image-preview:large","max-video-preview":"max-video-preview:-1"},"canonical":"https:\/\/www.raylo.net\/es\/producto\/ll-sc1232-a60e-canned-motor-pump\/","og_locale":"es_ES","og_type":"article","og_title":"RL-SC1232-A60E Canned Motor Pump - Raylo","og_url":"https:\/\/www.raylo.net\/es\/producto\/ll-sc1232-a60e-canned-motor-pump\/","og_site_name":"Raylo","article_modified_time":"2026-02-10T07:00:40+00:00","og_image":[{"width":2560,"height":2034,"url":"https:\/\/www.raylo.net\/wp-content\/uploads\/2025\/10\/1-4-scaled.jpg","type":"image\/jpeg"}],"twitter_card":"summary_large_image","schema":{"@context":"https:\/\/schema.org","@graph":[{"@type":"WebPage","@id":"https:\/\/www.raylo.net\/product\/ll-sc1232-a60e-canned-motor-pump\/","url":"https:\/\/www.raylo.net\/product\/ll-sc1232-a60e-canned-motor-pump\/","name":"RL-SC1232-A60E Canned Motor Pump - Raylo","isPartOf":{"@id":"https:\/\/www.raylo.net\/#website"},"primaryImageOfPage":{"@id":"https:\/\/www.raylo.net\/product\/ll-sc1232-a60e-canned-motor-pump\/#primaryimage"},"image":{"@id":"https:\/\/www.raylo.net\/product\/ll-sc1232-a60e-canned-motor-pump\/#primaryimage"},"thumbnailUrl":"https:\/\/www.raylo.net\/wp-content\/uploads\/2025\/10\/1-4-scaled.jpg","datePublished":"2025-10-22T03:51:27+00:00","dateModified":"2026-02-10T07:00:40+00:00","breadcrumb":{"@id":"https:\/\/www.raylo.net\/product\/ll-sc1232-a60e-canned-motor-pump\/#breadcrumb"},"inLanguage":"es","potentialAction":[{"@type":"ReadAction","target":["https:\/\/www.raylo.net\/product\/ll-sc1232-a60e-canned-motor-pump\/"]}]},{"@type":"ImageObject","inLanguage":"es","@id":"https:\/\/www.raylo.net\/product\/ll-sc1232-a60e-canned-motor-pump\/#primaryimage","url":"https:\/\/www.raylo.net\/wp-content\/uploads\/2025\/10\/1-4-scaled.jpg","contentUrl":"https:\/\/www.raylo.net\/wp-content\/uploads\/2025\/10\/1-4-scaled.jpg","width":2560,"height":2034},{"@type":"BreadcrumbList","@id":"https:\/\/www.raylo.net\/product\/ll-sc1232-a60e-canned-motor-pump\/#breadcrumb","itemListElement":[{"@type":"ListItem","position":1,"name":"Home","item":"https:\/\/www.raylo.net\/"},{"@type":"ListItem","position":2,"name":"Shop","item":"https:\/\/www.raylo.net\/shop\/"},{"@type":"ListItem","position":3,"name":"RL-SC1232-A60E Canned Motor Pump"}]},{"@type":"WebSite","@id":"https:\/\/www.raylo.net\/#website","url":"https:\/\/www.raylo.net\/","name":"Raylo","description":"","publisher":{"@id":"https:\/\/www.raylo.net\/#organization"},"potentialAction":[{"@type":"SearchAction","target":{"@type":"EntryPoint","urlTemplate":"https:\/\/www.raylo.net\/?s={search_term_string}"},"query-input":{"@type":"PropertyValueSpecification","valueRequired":true,"valueName":"search_term_string"}}],"inLanguage":"es"},{"@type":"Organization","@id":"https:\/\/www.raylo.net\/#organization","name":"Raylo","url":"https:\/\/www.raylo.net\/","logo":{"@type":"ImageObject","inLanguage":"es","@id":"https:\/\/www.raylo.net\/#\/schema\/logo\/image\/","url":"https:\/\/www.raylo.net\/wp-content\/uploads\/2025\/09\/Logo.svg","contentUrl":"https:\/\/www.raylo.net\/wp-content\/uploads\/2025\/09\/Logo.svg","caption":"Raylo"},"image":{"@id":"https:\/\/www.raylo.net\/#\/schema\/logo\/image\/"}}]}},"_links":{"self":[{"href":"https:\/\/www.raylo.net\/es\/wp-json\/wp\/v2\/product\/983","targetHints":{"allow":["GET"]}}],"collection":[{"href":"https:\/\/www.raylo.net\/es\/wp-json\/wp\/v2\/product"}],"about":[{"href":"https:\/\/www.raylo.net\/es\/wp-json\/wp\/v2\/types\/product"}],"replies":[{"embeddable":true,"href":"https:\/\/www.raylo.net\/es\/wp-json\/wp\/v2\/comments?post=983"}],"wp:featuredmedia":[{"embeddable":true,"href":"https:\/\/www.raylo.net\/es\/wp-json\/wp\/v2\/media\/976"}],"wp:attachment":[{"href":"https:\/\/www.raylo.net\/es\/wp-json\/wp\/v2\/media?parent=983"}],"wp:term":[{"taxonomy":"application","embeddable":true,"href":"https:\/\/www.raylo.net\/es\/wp-json\/wp\/v2\/application?post=983"},{"taxonomy":"controller","embeddable":true,"href":"https:\/\/www.raylo.net\/es\/wp-json\/wp\/v2\/controller?post=983"},{"taxonomy":"pump-design","embeddable":true,"href":"https:\/\/www.raylo.net\/es\/wp-json\/wp\/v2\/pump-design?post=983"},{"taxonomy":"pump-series","embeddable":true,"href":"https:\/\/www.raylo.net\/es\/wp-json\/wp\/v2\/pump-series?post=983"},{"taxonomy":"stereotype-standard","embeddable":true,"href":"https:\/\/www.raylo.net\/es\/wp-json\/wp\/v2\/stereotype-standard?post=983"},{"taxonomy":"product_brand","embeddable":true,"href":"https:\/\/www.raylo.net\/es\/wp-json\/wp\/v2\/product_brand?post=983"},{"taxonomy":"product_cat","embeddable":true,"href":"https:\/\/www.raylo.net\/es\/wp-json\/wp\/v2\/product_cat?post=983"},{"taxonomy":"product_tag","embeddable":true,"href":"https:\/\/www.raylo.net\/es\/wp-json\/wp\/v2\/product_tag?post=983"}],"curies":[{"name":"wp","href":"https:\/\/api.w.org\/{rel}","templated":true}]}}