{"id":1892,"date":"2026-04-30T09:24:16","date_gmt":"2026-04-30T09:24:16","guid":{"rendered":"https:\/\/www.raylo.net\/?post_type=product&#038;p=1892"},"modified":"2026-04-30T09:24:16","modified_gmt":"2026-04-30T09:24:16","slug":"rl-sc7r240-a-canned-motor-pump","status":"publish","type":"product","link":"https:\/\/www.raylo.net\/es\/producto\/rl-sc7r240-a-canned-motor-pump\/","title":{"rendered":"RL-SC7R240-A Canned Motor Pump"},"content":{"rendered":"<p>Introducci\u00f3n<br \/>\nEste tipo de bomba de motor encapsulado es muy adecuado para medios t\u00f3xicos, nocivos, propensos a las fugas, vol\u00e1tiles y otros medios conductores y corrosivos. El actuador est\u00e1 equipado con un motor de alta velocidad integrado con un controlador estabilizador de velocidad. La velocidad puede ajustarse mediante comunicaci\u00f3n de datos por bus RS485. Gracias a su dise\u00f1o compacto y reducido y a su funci\u00f3n de velocidad ajustable, resulta muy adecuado para aplicaciones OEM.<\/p>\n<p>Escenarios de aplicaci\u00f3n<br \/>\nIndustria de semiconductores\/Centro de datos\/Sistema de refrigeraci\u00f3n\/Industria qu\u00edmica\/Instituto de investigaci\u00f3n y desarrollo\/Equipos especializados para la industria alimentaria\/Industria textil\/Tecnolog\u00eda medioambiental\/Productos farmac\u00e9uticos y pesticidas\/Ingenier\u00eda de protecci\u00f3n contra incendios<\/p>\n<p>Curva de rendimiento<\/p>","protected":false},"excerpt":{"rendered":"<p>Introduction This type of canned motor pump is highly suitable for toxic,harmful, leak-prone, volatile, and other conductive and corrosivemedia. lt<\/p>","protected":false},"featured_media":1893,"comment_status":"open","ping_status":"closed","template":"","meta":{"_acf_changed":false},"application":[83],"controller":[],"pump-design":[99],"pump-series":[],"stereotype-standard":[],"product_brand":[],"product_cat":[129],"product_tag":[],"class_list":{"0":"post-1892","1":"product","2":"type-product","3":"status-publish","4":"has-post-thumbnail","6":"application-data-center-cooling-system","7":"pump-design-canned-motor-pumps","8":"product_cat-pump","10":"first","11":"instock","12":"shipping-taxable","13":"product-type-simple"},"acf":[],"yoast_head":"<!-- This site is optimized with the Yoast SEO plugin v27.4 - https:\/\/yoast.com\/product\/yoast-seo-wordpress\/ -->\n<title>RL-SC7R240-A Canned Motor Pump - Raylo<\/title>\n<meta name=\"robots\" content=\"index, follow, max-snippet:-1, max-image-preview:large, max-video-preview:-1\" \/>\n<link rel=\"canonical\" href=\"https:\/\/www.raylo.net\/es\/producto\/rl-sc7r240-a-canned-motor-pump\/\" \/>\n<meta property=\"og:locale\" content=\"es_ES\" \/>\n<meta property=\"og:type\" content=\"article\" \/>\n<meta property=\"og:title\" content=\"RL-SC7R240-A Canned Motor Pump - Raylo\" \/>\n<meta property=\"og:description\" content=\"Introduction This type of canned motor pump is highly suitable for toxic,harmful, leak-prone, volatile, and other conductive and corrosivemedia. lt\" \/>\n<meta property=\"og:url\" content=\"https:\/\/www.raylo.net\/es\/producto\/rl-sc7r240-a-canned-motor-pump\/\" \/>\n<meta property=\"og:site_name\" content=\"Raylo\" \/>\n<meta property=\"og:image\" content=\"https:\/\/www.raylo.net\/wp-content\/uploads\/2026\/04\/WPS\u56fe\u72471.webp\" \/>\n\t<meta property=\"og:image:width\" content=\"472\" \/>\n\t<meta property=\"og:image:height\" content=\"440\" \/>\n\t<meta property=\"og:image:type\" content=\"image\/png\" \/>\n<meta name=\"twitter:card\" content=\"summary_large_image\" \/>\n<meta name=\"twitter:label1\" content=\"Tiempo de lectura\" \/>\n\t<meta name=\"twitter:data1\" content=\"1 minuto\" \/>\n<script type=\"application\/ld+json\" class=\"yoast-schema-graph\">{\"@context\":\"https:\\\/\\\/schema.org\",\"@graph\":[{\"@type\":\"WebPage\",\"@id\":\"https:\\\/\\\/www.raylo.net\\\/product\\\/rl-sc7r240-a-canned-motor-pump\\\/\",\"url\":\"https:\\\/\\\/www.raylo.net\\\/product\\\/rl-sc7r240-a-canned-motor-pump\\\/\",\"name\":\"RL-SC7R240-A Canned Motor Pump - Raylo\",\"isPartOf\":{\"@id\":\"https:\\\/\\\/www.raylo.net\\\/#website\"},\"primaryImageOfPage\":{\"@id\":\"https:\\\/\\\/www.raylo.net\\\/product\\\/rl-sc7r240-a-canned-motor-pump\\\/#primaryimage\"},\"image\":{\"@id\":\"https:\\\/\\\/www.raylo.net\\\/product\\\/rl-sc7r240-a-canned-motor-pump\\\/#primaryimage\"},\"thumbnailUrl\":\"https:\\\/\\\/www.raylo.net\\\/wp-content\\\/uploads\\\/2026\\\/04\\\/WPS\u56fe\u72471.webp\",\"datePublished\":\"2026-04-30T09:24:16+00:00\",\"breadcrumb\":{\"@id\":\"https:\\\/\\\/www.raylo.net\\\/product\\\/rl-sc7r240-a-canned-motor-pump\\\/#breadcrumb\"},\"inLanguage\":\"es\",\"potentialAction\":[{\"@type\":\"ReadAction\",\"target\":[\"https:\\\/\\\/www.raylo.net\\\/product\\\/rl-sc7r240-a-canned-motor-pump\\\/\"]}]},{\"@type\":\"ImageObject\",\"inLanguage\":\"es\",\"@id\":\"https:\\\/\\\/www.raylo.net\\\/product\\\/rl-sc7r240-a-canned-motor-pump\\\/#primaryimage\",\"url\":\"https:\\\/\\\/www.raylo.net\\\/wp-content\\\/uploads\\\/2026\\\/04\\\/WPS\u56fe\u72471.webp\",\"contentUrl\":\"https:\\\/\\\/www.raylo.net\\\/wp-content\\\/uploads\\\/2026\\\/04\\\/WPS\u56fe\u72471.webp\",\"width\":472,\"height\":440},{\"@type\":\"BreadcrumbList\",\"@id\":\"https:\\\/\\\/www.raylo.net\\\/product\\\/rl-sc7r240-a-canned-motor-pump\\\/#breadcrumb\",\"itemListElement\":[{\"@type\":\"ListItem\",\"position\":1,\"name\":\"Home\",\"item\":\"https:\\\/\\\/www.raylo.net\\\/\"},{\"@type\":\"ListItem\",\"position\":2,\"name\":\"Shop\",\"item\":\"https:\\\/\\\/www.raylo.net\\\/shop\\\/\"},{\"@type\":\"ListItem\",\"position\":3,\"name\":\"RL-SC7R240-A Canned Motor Pump\"}]},{\"@type\":\"WebSite\",\"@id\":\"https:\\\/\\\/www.raylo.net\\\/#website\",\"url\":\"https:\\\/\\\/www.raylo.net\\\/\",\"name\":\"Raylo\",\"description\":\"\",\"publisher\":{\"@id\":\"https:\\\/\\\/www.raylo.net\\\/#organization\"},\"potentialAction\":[{\"@type\":\"SearchAction\",\"target\":{\"@type\":\"EntryPoint\",\"urlTemplate\":\"https:\\\/\\\/www.raylo.net\\\/?s={search_term_string}\"},\"query-input\":{\"@type\":\"PropertyValueSpecification\",\"valueRequired\":true,\"valueName\":\"search_term_string\"}}],\"inLanguage\":\"es\"},{\"@type\":\"Organization\",\"@id\":\"https:\\\/\\\/www.raylo.net\\\/#organization\",\"name\":\"Raylo\",\"url\":\"https:\\\/\\\/www.raylo.net\\\/\",\"logo\":{\"@type\":\"ImageObject\",\"inLanguage\":\"es\",\"@id\":\"https:\\\/\\\/www.raylo.net\\\/#\\\/schema\\\/logo\\\/image\\\/\",\"url\":\"https:\\\/\\\/www.raylo.net\\\/wp-content\\\/uploads\\\/2025\\\/09\\\/Logo.svg\",\"contentUrl\":\"https:\\\/\\\/www.raylo.net\\\/wp-content\\\/uploads\\\/2025\\\/09\\\/Logo.svg\",\"caption\":\"Raylo\"},\"image\":{\"@id\":\"https:\\\/\\\/www.raylo.net\\\/#\\\/schema\\\/logo\\\/image\\\/\"}}]}<\/script>\n<!-- \/ Yoast SEO plugin. -->","yoast_head_json":{"title":"RL-SC7R240-A Canned Motor Pump - Raylo","robots":{"index":"index","follow":"follow","max-snippet":"max-snippet:-1","max-image-preview":"max-image-preview:large","max-video-preview":"max-video-preview:-1"},"canonical":"https:\/\/www.raylo.net\/es\/producto\/rl-sc7r240-a-canned-motor-pump\/","og_locale":"es_ES","og_type":"article","og_title":"RL-SC7R240-A Canned Motor Pump - Raylo","og_description":"Introduction This type of canned motor pump is highly suitable for toxic,harmful, leak-prone, volatile, and other conductive and corrosivemedia. lt","og_url":"https:\/\/www.raylo.net\/es\/producto\/rl-sc7r240-a-canned-motor-pump\/","og_site_name":"Raylo","og_image":[{"width":472,"height":440,"url":"https:\/\/www.raylo.net\/wp-content\/uploads\/2026\/04\/WPS\u56fe\u72471.webp","type":"image\/png"}],"twitter_card":"summary_large_image","twitter_misc":{"Tiempo de lectura":"1 minuto"},"schema":{"@context":"https:\/\/schema.org","@graph":[{"@type":"WebPage","@id":"https:\/\/www.raylo.net\/product\/rl-sc7r240-a-canned-motor-pump\/","url":"https:\/\/www.raylo.net\/product\/rl-sc7r240-a-canned-motor-pump\/","name":"RL-SC7R240-A Canned Motor Pump - Raylo","isPartOf":{"@id":"https:\/\/www.raylo.net\/#website"},"primaryImageOfPage":{"@id":"https:\/\/www.raylo.net\/product\/rl-sc7r240-a-canned-motor-pump\/#primaryimage"},"image":{"@id":"https:\/\/www.raylo.net\/product\/rl-sc7r240-a-canned-motor-pump\/#primaryimage"},"thumbnailUrl":"https:\/\/www.raylo.net\/wp-content\/uploads\/2026\/04\/WPS\u56fe\u72471.webp","datePublished":"2026-04-30T09:24:16+00:00","breadcrumb":{"@id":"https:\/\/www.raylo.net\/product\/rl-sc7r240-a-canned-motor-pump\/#breadcrumb"},"inLanguage":"es","potentialAction":[{"@type":"ReadAction","target":["https:\/\/www.raylo.net\/product\/rl-sc7r240-a-canned-motor-pump\/"]}]},{"@type":"ImageObject","inLanguage":"es","@id":"https:\/\/www.raylo.net\/product\/rl-sc7r240-a-canned-motor-pump\/#primaryimage","url":"https:\/\/www.raylo.net\/wp-content\/uploads\/2026\/04\/WPS\u56fe\u72471.webp","contentUrl":"https:\/\/www.raylo.net\/wp-content\/uploads\/2026\/04\/WPS\u56fe\u72471.webp","width":472,"height":440},{"@type":"BreadcrumbList","@id":"https:\/\/www.raylo.net\/product\/rl-sc7r240-a-canned-motor-pump\/#breadcrumb","itemListElement":[{"@type":"ListItem","position":1,"name":"Home","item":"https:\/\/www.raylo.net\/"},{"@type":"ListItem","position":2,"name":"Shop","item":"https:\/\/www.raylo.net\/shop\/"},{"@type":"ListItem","position":3,"name":"RL-SC7R240-A Canned Motor Pump"}]},{"@type":"WebSite","@id":"https:\/\/www.raylo.net\/#website","url":"https:\/\/www.raylo.net\/","name":"Raylo","description":"","publisher":{"@id":"https:\/\/www.raylo.net\/#organization"},"potentialAction":[{"@type":"SearchAction","target":{"@type":"EntryPoint","urlTemplate":"https:\/\/www.raylo.net\/?s={search_term_string}"},"query-input":{"@type":"PropertyValueSpecification","valueRequired":true,"valueName":"search_term_string"}}],"inLanguage":"es"},{"@type":"Organization","@id":"https:\/\/www.raylo.net\/#organization","name":"Raylo","url":"https:\/\/www.raylo.net\/","logo":{"@type":"ImageObject","inLanguage":"es","@id":"https:\/\/www.raylo.net\/#\/schema\/logo\/image\/","url":"https:\/\/www.raylo.net\/wp-content\/uploads\/2025\/09\/Logo.svg","contentUrl":"https:\/\/www.raylo.net\/wp-content\/uploads\/2025\/09\/Logo.svg","caption":"Raylo"},"image":{"@id":"https:\/\/www.raylo.net\/#\/schema\/logo\/image\/"}}]}},"_links":{"self":[{"href":"https:\/\/www.raylo.net\/es\/wp-json\/wp\/v2\/product\/1892","targetHints":{"allow":["GET"]}}],"collection":[{"href":"https:\/\/www.raylo.net\/es\/wp-json\/wp\/v2\/product"}],"about":[{"href":"https:\/\/www.raylo.net\/es\/wp-json\/wp\/v2\/types\/product"}],"replies":[{"embeddable":true,"href":"https:\/\/www.raylo.net\/es\/wp-json\/wp\/v2\/comments?post=1892"}],"wp:featuredmedia":[{"embeddable":true,"href":"https:\/\/www.raylo.net\/es\/wp-json\/wp\/v2\/media\/1893"}],"wp:attachment":[{"href":"https:\/\/www.raylo.net\/es\/wp-json\/wp\/v2\/media?parent=1892"}],"wp:term":[{"taxonomy":"application","embeddable":true,"href":"https:\/\/www.raylo.net\/es\/wp-json\/wp\/v2\/application?post=1892"},{"taxonomy":"controller","embeddable":true,"href":"https:\/\/www.raylo.net\/es\/wp-json\/wp\/v2\/controller?post=1892"},{"taxonomy":"pump-design","embeddable":true,"href":"https:\/\/www.raylo.net\/es\/wp-json\/wp\/v2\/pump-design?post=1892"},{"taxonomy":"pump-series","embeddable":true,"href":"https:\/\/www.raylo.net\/es\/wp-json\/wp\/v2\/pump-series?post=1892"},{"taxonomy":"stereotype-standard","embeddable":true,"href":"https:\/\/www.raylo.net\/es\/wp-json\/wp\/v2\/stereotype-standard?post=1892"},{"taxonomy":"product_brand","embeddable":true,"href":"https:\/\/www.raylo.net\/es\/wp-json\/wp\/v2\/product_brand?post=1892"},{"taxonomy":"product_cat","embeddable":true,"href":"https:\/\/www.raylo.net\/es\/wp-json\/wp\/v2\/product_cat?post=1892"},{"taxonomy":"product_tag","embeddable":true,"href":"https:\/\/www.raylo.net\/es\/wp-json\/wp\/v2\/product_tag?post=1892"}],"curies":[{"name":"wp","href":"https:\/\/api.w.org\/{rel}","templated":true}]}}