{"id":1464,"date":"2025-11-05T06:55:17","date_gmt":"2025-11-05T06:55:17","guid":{"rendered":"https:\/\/raylo.net\/?page_id=1464"},"modified":"2025-11-05T06:59:30","modified_gmt":"2025-11-05T06:59:30","slug":"about-us","status":"publish","type":"page","link":"https:\/\/www.raylo.net\/es\/about-us\/","title":{"rendered":"Qui\u00e9nes somos"},"content":{"rendered":"<div data-elementor-type=\"wp-page\" data-elementor-id=\"1464\" class=\"elementor elementor-1464\" data-elementor-post-type=\"page\">\n\t\t\t\t<div class=\"wd-negative-gap elementor-element elementor-element-c159904 wd-section-stretch e-flex e-con-boxed e-con e-parent\" data-id=\"c159904\" data-element_type=\"container\" data-settings=\"{&quot;background_background&quot;:&quot;classic&quot;}\">\n\t\t\t\t\t<div class=\"e-con-inner\">\n\t\t\t\t<div class=\"elementor-element elementor-element-d042807 text-center wd-el-breadcrumbs elementor-widget elementor-widget-wd_wc_breadcrumb\" data-id=\"d042807\" data-element_type=\"widget\" data-widget_type=\"wd_wc_breadcrumb.default\">\n\t\t\t\t<div class=\"elementor-widget-container\">\n\t\t\t\t\t<nav class=\"wd-breadcrumbs woocommerce-breadcrumb\" aria-label=\"Migas de pan\">\t\t\t\t<span class=\"wd-last\">\n\t\t\t\t\tInicio\t\t\t\t<\/span>\n\t\t\t<\/nav>\t\t\t\t<\/div>\n\t\t\t\t<\/div>\n\t\t\t\t\t<\/div>\n\t\t\t\t<\/div>\n\t\t<div class=\"wd-negative-gap elementor-element elementor-element-4a4f35a e-flex e-con-boxed e-con e-parent\" data-id=\"4a4f35a\" data-element_type=\"container\">\n\t\t\t\t\t<div class=\"e-con-inner\">\n\t\t<div class=\"elementor-element elementor-element-17d130e e-con-full e-flex e-con e-child\" data-id=\"17d130e\" data-element_type=\"container\">\n\t\t\t\t<div class=\"elementor-element elementor-element-2f26127 elementor-widget elementor-widget-image\" data-id=\"2f26127\" data-element_type=\"widget\" data-widget_type=\"image.default\">\n\t\t\t\t\t\t\t\t\t\t\t\t\t\t\t<img loading=\"lazy\" decoding=\"async\" width=\"1024\" height=\"683\" src=\"https:\/\/www.raylo.net\/wp-content\/uploads\/2025\/11\/\u8d44\u6e90-15-1024x683.jpg\" class=\"attachment-large size-large wp-image-1316\" alt=\"\" srcset=\"https:\/\/www.raylo.net\/wp-content\/uploads\/2025\/11\/\u8d44\u6e90-15-1024x683.jpg 1024w, https:\/\/www.raylo.net\/wp-content\/uploads\/2025\/11\/\u8d44\u6e90-15-300x200.jpg 300w, https:\/\/www.raylo.net\/wp-content\/uploads\/2025\/11\/\u8d44\u6e90-15-768x512.jpg 768w, https:\/\/www.raylo.net\/wp-content\/uploads\/2025\/11\/\u8d44\u6e90-15-1536x1024.jpg 1536w, https:\/\/www.raylo.net\/wp-content\/uploads\/2025\/11\/\u8d44\u6e90-15-2048x1366.jpg 2048w, https:\/\/www.raylo.net\/wp-content\/uploads\/2025\/11\/\u8d44\u6e90-15-18x12.jpg 18w, https:\/\/www.raylo.net\/wp-content\/uploads\/2025\/11\/\u8d44\u6e90-15-600x400.jpg 600w, https:\/\/www.raylo.net\/wp-content\/uploads\/2025\/11\/\u8d44\u6e90-15-150x100.jpg 150w\" sizes=\"auto, (max-width: 1024px) 100vw, 1024px\" \/>\t\t\t\t\t\t\t\t\t\t\t\t\t\t\t<\/div>\n\t\t\t\t<\/div>\n\t\t<div class=\"elementor-element elementor-element-b2cc8fd e-con-full e-flex e-con e-child\" data-id=\"b2cc8fd\" data-element_type=\"container\">\n\t\t\t\t<div class=\"elementor-element elementor-element-2d71c34 elementor-widget elementor-widget-heading\" data-id=\"2d71c34\" data-element_type=\"widget\" data-widget_type=\"heading.default\">\n\t\t\t\t\t<h2 class=\"elementor-heading-title elementor-size-default\">Qui\u00e9nes somos<\/h2>\t\t\t\t<\/div>\n\t\t\t\t<div class=\"elementor-element elementor-element-717803e color-scheme-inherit text-left elementor-widget elementor-widget-text-editor\" data-id=\"717803e\" data-element_type=\"widget\" data-widget_type=\"text-editor.default\">\n\t\t\t\t\t\t\t\t\t<p>Raylo High Tech(Beijing) Technology Co., Ltd. es una empresa de alta tecnolog\u00eda centrada en la investigaci\u00f3n, el desarrollo, la producci\u00f3n y la venta de bombas de motor enlatadas de alto rendimiento y productos de v\u00e1lvulas especiales, y est\u00e1 comprometida con la investigaci\u00f3n, el desarrollo y la promoci\u00f3n de la tecnolog\u00eda de fluidos y la tecnolog\u00eda de ahorro de energ\u00eda. <br \/>La empresa tiene su sede en Beijing, capital de China y. Cuenta con un avanzado centro internacional de I+D y laboratorios profesionales. El equipo de I + D se compone de expertos en maquinaria de fluidos que llevan a cabo proyectos cr\u00edticos nacionales chinos, que es el l\u00edder de la industria nacional de maquinaria de fluidos. Raylo puede responder r\u00e1pidamente a la demanda de productos de los clientes, haciendo que los productos alcancen el nivel internacional de primera clase. La empresa cuenta con una base de fabricaci\u00f3n y un centro de pruebas totalmente funcionales, con capacidad de producci\u00f3n en masa y pruebas, con la certificaci\u00f3n del sistema de calidad ISO9001.<\/p>\t\t\t\t\t\t\t\t<\/div>\n\t\t\t\t<\/div>\n\t\t\t\t\t<\/div>\n\t\t\t\t<\/div>\n\t\t\t\t<\/div>","protected":false},"excerpt":{"rendered":"<p>Home About Us Raylo High Tech(Beijing) Technology Co., Ltd. is a high-tech enterprise focusing on the research, development, production and<\/p>","protected":false},"author":1,"featured_media":0,"parent":0,"menu_order":0,"comment_status":"closed","ping_status":"closed","template":"elementor_header_footer","meta":{"_acf_changed":false,"footnotes":""},"class_list":["post-1464","page","type-page","status-publish","hentry"],"acf":[],"yoast_head":"<!-- This site is optimized with the Yoast SEO plugin v27.1.1 - https:\/\/yoast.com\/product\/yoast-seo-wordpress\/ -->\n<title>About Us - Raylo<\/title>\n<meta name=\"robots\" content=\"index, follow, max-snippet:-1, max-image-preview:large, max-video-preview:-1\" \/>\n<link rel=\"canonical\" href=\"https:\/\/www.raylo.net\/es\/about-us\/\" \/>\n<meta property=\"og:locale\" content=\"es_ES\" \/>\n<meta property=\"og:type\" content=\"article\" \/>\n<meta property=\"og:title\" content=\"About Us - Raylo\" \/>\n<meta property=\"og:description\" content=\"Home About Us Raylo High Tech(Beijing) Technology Co., Ltd. is a high-tech enterprise focusing on the research, development, production and\" \/>\n<meta property=\"og:url\" content=\"https:\/\/www.raylo.net\/es\/about-us\/\" \/>\n<meta property=\"og:site_name\" content=\"Raylo\" \/>\n<meta property=\"article:modified_time\" content=\"2025-11-05T06:59:30+00:00\" \/>\n<meta name=\"twitter:card\" content=\"summary_large_image\" \/>\n<meta name=\"twitter:label1\" content=\"Tiempo de lectura\" \/>\n\t<meta name=\"twitter:data1\" content=\"1 minuto\" \/>\n<script type=\"application\/ld+json\" class=\"yoast-schema-graph\">{\"@context\":\"https:\/\/schema.org\",\"@graph\":[{\"@type\":\"WebPage\",\"@id\":\"https:\/\/www.raylo.net\/about-us\/\",\"url\":\"https:\/\/www.raylo.net\/about-us\/\",\"name\":\"About Us - Raylo\",\"isPartOf\":{\"@id\":\"https:\/\/www.raylo.net\/#website\"},\"datePublished\":\"2025-11-05T06:55:17+00:00\",\"dateModified\":\"2025-11-05T06:59:30+00:00\",\"breadcrumb\":{\"@id\":\"https:\/\/www.raylo.net\/about-us\/#breadcrumb\"},\"inLanguage\":\"es\",\"potentialAction\":[{\"@type\":\"ReadAction\",\"target\":[\"https:\/\/www.raylo.net\/about-us\/\"]}]},{\"@type\":\"BreadcrumbList\",\"@id\":\"https:\/\/www.raylo.net\/about-us\/#breadcrumb\",\"itemListElement\":[{\"@type\":\"ListItem\",\"position\":1,\"name\":\"Home\",\"item\":\"https:\/\/www.raylo.net\/\"},{\"@type\":\"ListItem\",\"position\":2,\"name\":\"About Us\"}]},{\"@type\":\"WebSite\",\"@id\":\"https:\/\/www.raylo.net\/#website\",\"url\":\"https:\/\/www.raylo.net\/\",\"name\":\"Raylo\",\"description\":\"\",\"publisher\":{\"@id\":\"https:\/\/www.raylo.net\/#organization\"},\"potentialAction\":[{\"@type\":\"SearchAction\",\"target\":{\"@type\":\"EntryPoint\",\"urlTemplate\":\"https:\/\/www.raylo.net\/?s={search_term_string}\"},\"query-input\":{\"@type\":\"PropertyValueSpecification\",\"valueRequired\":true,\"valueName\":\"search_term_string\"}}],\"inLanguage\":\"es\"},{\"@type\":\"Organization\",\"@id\":\"https:\/\/www.raylo.net\/#organization\",\"name\":\"Raylo\",\"url\":\"https:\/\/www.raylo.net\/\",\"logo\":{\"@type\":\"ImageObject\",\"inLanguage\":\"es\",\"@id\":\"https:\/\/www.raylo.net\/#\/schema\/logo\/image\/\",\"url\":\"https:\/\/www.raylo.net\/wp-content\/uploads\/2025\/09\/Logo.svg\",\"contentUrl\":\"https:\/\/www.raylo.net\/wp-content\/uploads\/2025\/09\/Logo.svg\",\"caption\":\"Raylo\"},\"image\":{\"@id\":\"https:\/\/www.raylo.net\/#\/schema\/logo\/image\/\"}}]}<\/script>\n<!-- \/ Yoast SEO plugin. -->","yoast_head_json":{"title":"About Us - Raylo","robots":{"index":"index","follow":"follow","max-snippet":"max-snippet:-1","max-image-preview":"max-image-preview:large","max-video-preview":"max-video-preview:-1"},"canonical":"https:\/\/www.raylo.net\/es\/about-us\/","og_locale":"es_ES","og_type":"article","og_title":"About Us - Raylo","og_description":"Home About Us Raylo High Tech(Beijing) Technology Co., Ltd. is a high-tech enterprise focusing on the research, development, production and","og_url":"https:\/\/www.raylo.net\/es\/about-us\/","og_site_name":"Raylo","article_modified_time":"2025-11-05T06:59:30+00:00","twitter_card":"summary_large_image","twitter_misc":{"Tiempo de lectura":"1 minuto"},"schema":{"@context":"https:\/\/schema.org","@graph":[{"@type":"WebPage","@id":"https:\/\/www.raylo.net\/about-us\/","url":"https:\/\/www.raylo.net\/about-us\/","name":"About Us - Raylo","isPartOf":{"@id":"https:\/\/www.raylo.net\/#website"},"datePublished":"2025-11-05T06:55:17+00:00","dateModified":"2025-11-05T06:59:30+00:00","breadcrumb":{"@id":"https:\/\/www.raylo.net\/about-us\/#breadcrumb"},"inLanguage":"es","potentialAction":[{"@type":"ReadAction","target":["https:\/\/www.raylo.net\/about-us\/"]}]},{"@type":"BreadcrumbList","@id":"https:\/\/www.raylo.net\/about-us\/#breadcrumb","itemListElement":[{"@type":"ListItem","position":1,"name":"Home","item":"https:\/\/www.raylo.net\/"},{"@type":"ListItem","position":2,"name":"About Us"}]},{"@type":"WebSite","@id":"https:\/\/www.raylo.net\/#website","url":"https:\/\/www.raylo.net\/","name":"Raylo","description":"","publisher":{"@id":"https:\/\/www.raylo.net\/#organization"},"potentialAction":[{"@type":"SearchAction","target":{"@type":"EntryPoint","urlTemplate":"https:\/\/www.raylo.net\/?s={search_term_string}"},"query-input":{"@type":"PropertyValueSpecification","valueRequired":true,"valueName":"search_term_string"}}],"inLanguage":"es"},{"@type":"Organization","@id":"https:\/\/www.raylo.net\/#organization","name":"Raylo","url":"https:\/\/www.raylo.net\/","logo":{"@type":"ImageObject","inLanguage":"es","@id":"https:\/\/www.raylo.net\/#\/schema\/logo\/image\/","url":"https:\/\/www.raylo.net\/wp-content\/uploads\/2025\/09\/Logo.svg","contentUrl":"https:\/\/www.raylo.net\/wp-content\/uploads\/2025\/09\/Logo.svg","caption":"Raylo"},"image":{"@id":"https:\/\/www.raylo.net\/#\/schema\/logo\/image\/"}}]}},"_links":{"self":[{"href":"https:\/\/www.raylo.net\/es\/wp-json\/wp\/v2\/pages\/1464","targetHints":{"allow":["GET"]}}],"collection":[{"href":"https:\/\/www.raylo.net\/es\/wp-json\/wp\/v2\/pages"}],"about":[{"href":"https:\/\/www.raylo.net\/es\/wp-json\/wp\/v2\/types\/page"}],"author":[{"embeddable":true,"href":"https:\/\/www.raylo.net\/es\/wp-json\/wp\/v2\/users\/1"}],"replies":[{"embeddable":true,"href":"https:\/\/www.raylo.net\/es\/wp-json\/wp\/v2\/comments?post=1464"}],"version-history":[{"count":0,"href":"https:\/\/www.raylo.net\/es\/wp-json\/wp\/v2\/pages\/1464\/revisions"}],"wp:attachment":[{"href":"https:\/\/www.raylo.net\/es\/wp-json\/wp\/v2\/media?parent=1464"}],"curies":[{"name":"wp","href":"https:\/\/api.w.org\/{rel}","templated":true}]}}