{"id":1015,"date":"2025-10-22T07:07:54","date_gmt":"2025-10-22T07:07:54","guid":{"rendered":"https:\/\/draexlmaier.themeforest.cn\/?post_type=product&#038;p=1015"},"modified":"2026-02-10T07:11:06","modified_gmt":"2026-02-10T07:11:06","slug":"ll-sc1232-s55s-canned-motor-pump","status":"publish","type":"product","link":"https:\/\/www.raylo.net\/de\/produkt\/ll-sc1232-s55s-canned-motor-pump\/","title":{"rendered":"RL-SC1232-S50S Spaltrohrmotorpumpe"},"content":{"rendered":"<p>Einf\u00fchrung<br \/>\nDiese Art von Spaltrohrmotorpumpe eignet sich hervorragend f\u00fcr toxische, sch\u00e4dliche, leckanf\u00e4llige, fl\u00fcchtige und andere leitf\u00e4hige und korrosive Medien. Sie hat keine Wellendichtung, was einen leckfreien Betrieb der 100% gew\u00e4hrleistet. Der Stellantrieb ist mit einem Hochgeschwindigkeitsmotor ausgestattet, der mit einem drehzahlstabilisierenden Regler ausgestattet ist. Die Geschwindigkeit kann \u00fcber die RS485-Bus-Datenkommunikation eingestellt werden. Aufgrund seiner kompakten, kleinen Bauweise und der einstellbaren Geschwindigkeit eignet er sich sehr gut f\u00fcr OEM-Anwendungen.<\/p>\n<p>&nbsp;<\/p>\n<p>Anwendungsszenarien<br \/>\nHalbleiterindustrie\/Datenzentrum\/K\u00fchlsystem\/Chemische Industrie\/Forschungs- und Entwicklungsinstitut\/Spezialisierte Ausr\u00fcstung f\u00fcr die Lebensmittelindustrie\/Textilindustrie\/Umwelttechnik\/Pharma und Pestizide\/Brandschutztechnik<\/p>\n<p>&nbsp;<\/p>\n<p>Leistungskurve<\/p>\n<p><img loading=\"lazy\" decoding=\"async\" class=\"alignnone size-full wp-image-991\" src=\"https:\/\/draexlmaier.themeforest.cn\/wp-content\/uploads\/2025\/10\/489276f2d7f3cacb23d7f2bb9fcccf2e-1.jpg\" alt=\"\" width=\"553\" height=\"397\" srcset=\"https:\/\/www.raylo.net\/wp-content\/uploads\/2025\/10\/489276f2d7f3cacb23d7f2bb9fcccf2e-1.jpg 553w, https:\/\/www.raylo.net\/wp-content\/uploads\/2025\/10\/489276f2d7f3cacb23d7f2bb9fcccf2e-1-150x108.jpg 150w, https:\/\/www.raylo.net\/wp-content\/uploads\/2025\/10\/489276f2d7f3cacb23d7f2bb9fcccf2e-1-300x215.jpg 300w\" sizes=\"auto, (max-width: 553px) 100vw, 553px\" \/><\/p>","protected":false},"excerpt":{"rendered":"<p><img loading=\"lazy\" decoding=\"async\" class=\"alignnone size-full wp-image-1837\" src=\"https:\/\/www.raylo.net\/wp-content\/uploads\/2025\/10\/1232-50-1.webp\" alt=\"\" width=\"750\" height=\"70\" srcset=\"https:\/\/www.raylo.net\/wp-content\/uploads\/2025\/10\/1232-50-1.webp 750w, https:\/\/www.raylo.net\/wp-content\/uploads\/2025\/10\/1232-50-1-18x2.webp 18w, https:\/\/www.raylo.net\/wp-content\/uploads\/2025\/10\/1232-50-1-600x56.webp 600w, https:\/\/www.raylo.net\/wp-content\/uploads\/2025\/10\/1232-50-1-150x14.webp 150w\" sizes=\"auto, (max-width: 750px) 100vw, 750px\" \/><\/p>","protected":false},"featured_media":1019,"comment_status":"open","ping_status":"closed","template":"","meta":{"_acf_changed":false},"application":[83],"controller":[],"pump-design":[99],"pump-series":[95],"stereotype-standard":[],"product_brand":[],"product_cat":[26,129],"product_tag":[],"class_list":{"0":"post-1015","1":"product","2":"type-product","3":"status-publish","4":"has-post-thumbnail","6":"application-data-center-cooling-system","7":"pump-design-canned-motor-pumps","8":"pump-series-ll-sc1232","9":"product_cat-all-products","10":"product_cat-pump","11":"pa_conveyed-liquid-ethylene-glycol-solution","12":"pa_conveyed-liquid-fluoride-solution","13":"pa_conveyed-liquid-natural-water-body","14":"pa_conveyed-liquid-propylene-glycol-solution","15":"pa_conveyed-liquid-pure-water","16":"pa_conveyed-liquid-refrigerant","17":"pa_flow-q-103","18":"pa_head-h-104","19":"pa_hydraulic-unit-type-alone","20":"pa_liquid-temperature-range-105","21":"pa_maximum-working-pressure-3mpa","22":"pa_pump-material-stainless-steel","23":"pa_rubber-vmq","24":"pa_voltage-dc48v","26":"first","27":"instock","28":"shipping-taxable","29":"product-type-simple"},"acf":[],"yoast_head":"<!-- This site is optimized with the Yoast SEO plugin v27.1.1 - https:\/\/yoast.com\/product\/yoast-seo-wordpress\/ -->\n<title>RL-SC1232-S50S Canned Motor Pump - Raylo<\/title>\n<meta name=\"robots\" content=\"index, follow, max-snippet:-1, max-image-preview:large, max-video-preview:-1\" \/>\n<link rel=\"canonical\" href=\"https:\/\/www.raylo.net\/de\/produkt\/ll-sc1232-s55s-canned-motor-pump\/\" \/>\n<meta property=\"og:locale\" content=\"de_DE\" \/>\n<meta property=\"og:type\" content=\"article\" \/>\n<meta property=\"og:title\" content=\"RL-SC1232-S50S Canned Motor Pump - Raylo\" \/>\n<meta property=\"og:url\" content=\"https:\/\/www.raylo.net\/de\/produkt\/ll-sc1232-s55s-canned-motor-pump\/\" \/>\n<meta property=\"og:site_name\" content=\"Raylo\" \/>\n<meta property=\"article:modified_time\" content=\"2026-02-10T07:11:06+00:00\" \/>\n<meta property=\"og:image\" content=\"https:\/\/www.raylo.net\/wp-content\/uploads\/2025\/10\/2--scaled.jpg\" \/>\n\t<meta property=\"og:image:width\" content=\"2560\" \/>\n\t<meta property=\"og:image:height\" content=\"1920\" \/>\n\t<meta property=\"og:image:type\" content=\"image\/jpeg\" \/>\n<meta name=\"twitter:card\" content=\"summary_large_image\" \/>\n<script type=\"application\/ld+json\" class=\"yoast-schema-graph\">{\"@context\":\"https:\/\/schema.org\",\"@graph\":[{\"@type\":\"WebPage\",\"@id\":\"https:\/\/www.raylo.net\/product\/ll-sc1232-s55s-canned-motor-pump\/\",\"url\":\"https:\/\/www.raylo.net\/product\/ll-sc1232-s55s-canned-motor-pump\/\",\"name\":\"RL-SC1232-S50S Canned Motor Pump - Raylo\",\"isPartOf\":{\"@id\":\"https:\/\/www.raylo.net\/#website\"},\"primaryImageOfPage\":{\"@id\":\"https:\/\/www.raylo.net\/product\/ll-sc1232-s55s-canned-motor-pump\/#primaryimage\"},\"image\":{\"@id\":\"https:\/\/www.raylo.net\/product\/ll-sc1232-s55s-canned-motor-pump\/#primaryimage\"},\"thumbnailUrl\":\"https:\/\/www.raylo.net\/wp-content\/uploads\/2025\/10\/2--scaled.jpg\",\"datePublished\":\"2025-10-22T07:07:54+00:00\",\"dateModified\":\"2026-02-10T07:11:06+00:00\",\"breadcrumb\":{\"@id\":\"https:\/\/www.raylo.net\/product\/ll-sc1232-s55s-canned-motor-pump\/#breadcrumb\"},\"inLanguage\":\"de\",\"potentialAction\":[{\"@type\":\"ReadAction\",\"target\":[\"https:\/\/www.raylo.net\/product\/ll-sc1232-s55s-canned-motor-pump\/\"]}]},{\"@type\":\"ImageObject\",\"inLanguage\":\"de\",\"@id\":\"https:\/\/www.raylo.net\/product\/ll-sc1232-s55s-canned-motor-pump\/#primaryimage\",\"url\":\"https:\/\/www.raylo.net\/wp-content\/uploads\/2025\/10\/2--scaled.jpg\",\"contentUrl\":\"https:\/\/www.raylo.net\/wp-content\/uploads\/2025\/10\/2--scaled.jpg\",\"width\":2560,\"height\":1920},{\"@type\":\"BreadcrumbList\",\"@id\":\"https:\/\/www.raylo.net\/product\/ll-sc1232-s55s-canned-motor-pump\/#breadcrumb\",\"itemListElement\":[{\"@type\":\"ListItem\",\"position\":1,\"name\":\"Home\",\"item\":\"https:\/\/www.raylo.net\/\"},{\"@type\":\"ListItem\",\"position\":2,\"name\":\"Shop\",\"item\":\"https:\/\/www.raylo.net\/shop\/\"},{\"@type\":\"ListItem\",\"position\":3,\"name\":\"RL-SC1232-S50S Canned Motor Pump\"}]},{\"@type\":\"WebSite\",\"@id\":\"https:\/\/www.raylo.net\/#website\",\"url\":\"https:\/\/www.raylo.net\/\",\"name\":\"Raylo\",\"description\":\"\",\"publisher\":{\"@id\":\"https:\/\/www.raylo.net\/#organization\"},\"potentialAction\":[{\"@type\":\"SearchAction\",\"target\":{\"@type\":\"EntryPoint\",\"urlTemplate\":\"https:\/\/www.raylo.net\/?s={search_term_string}\"},\"query-input\":{\"@type\":\"PropertyValueSpecification\",\"valueRequired\":true,\"valueName\":\"search_term_string\"}}],\"inLanguage\":\"de\"},{\"@type\":\"Organization\",\"@id\":\"https:\/\/www.raylo.net\/#organization\",\"name\":\"Raylo\",\"url\":\"https:\/\/www.raylo.net\/\",\"logo\":{\"@type\":\"ImageObject\",\"inLanguage\":\"de\",\"@id\":\"https:\/\/www.raylo.net\/#\/schema\/logo\/image\/\",\"url\":\"https:\/\/www.raylo.net\/wp-content\/uploads\/2025\/09\/Logo.svg\",\"contentUrl\":\"https:\/\/www.raylo.net\/wp-content\/uploads\/2025\/09\/Logo.svg\",\"caption\":\"Raylo\"},\"image\":{\"@id\":\"https:\/\/www.raylo.net\/#\/schema\/logo\/image\/\"}}]}<\/script>\n<!-- \/ Yoast SEO plugin. -->","yoast_head_json":{"title":"RL-SC1232-S50S Canned Motor Pump - Raylo","robots":{"index":"index","follow":"follow","max-snippet":"max-snippet:-1","max-image-preview":"max-image-preview:large","max-video-preview":"max-video-preview:-1"},"canonical":"https:\/\/www.raylo.net\/de\/produkt\/ll-sc1232-s55s-canned-motor-pump\/","og_locale":"de_DE","og_type":"article","og_title":"RL-SC1232-S50S Canned Motor Pump - Raylo","og_url":"https:\/\/www.raylo.net\/de\/produkt\/ll-sc1232-s55s-canned-motor-pump\/","og_site_name":"Raylo","article_modified_time":"2026-02-10T07:11:06+00:00","og_image":[{"width":2560,"height":1920,"url":"https:\/\/www.raylo.net\/wp-content\/uploads\/2025\/10\/2--scaled.jpg","type":"image\/jpeg"}],"twitter_card":"summary_large_image","schema":{"@context":"https:\/\/schema.org","@graph":[{"@type":"WebPage","@id":"https:\/\/www.raylo.net\/product\/ll-sc1232-s55s-canned-motor-pump\/","url":"https:\/\/www.raylo.net\/product\/ll-sc1232-s55s-canned-motor-pump\/","name":"RL-SC1232-S50S Canned Motor Pump - Raylo","isPartOf":{"@id":"https:\/\/www.raylo.net\/#website"},"primaryImageOfPage":{"@id":"https:\/\/www.raylo.net\/product\/ll-sc1232-s55s-canned-motor-pump\/#primaryimage"},"image":{"@id":"https:\/\/www.raylo.net\/product\/ll-sc1232-s55s-canned-motor-pump\/#primaryimage"},"thumbnailUrl":"https:\/\/www.raylo.net\/wp-content\/uploads\/2025\/10\/2--scaled.jpg","datePublished":"2025-10-22T07:07:54+00:00","dateModified":"2026-02-10T07:11:06+00:00","breadcrumb":{"@id":"https:\/\/www.raylo.net\/product\/ll-sc1232-s55s-canned-motor-pump\/#breadcrumb"},"inLanguage":"de","potentialAction":[{"@type":"ReadAction","target":["https:\/\/www.raylo.net\/product\/ll-sc1232-s55s-canned-motor-pump\/"]}]},{"@type":"ImageObject","inLanguage":"de","@id":"https:\/\/www.raylo.net\/product\/ll-sc1232-s55s-canned-motor-pump\/#primaryimage","url":"https:\/\/www.raylo.net\/wp-content\/uploads\/2025\/10\/2--scaled.jpg","contentUrl":"https:\/\/www.raylo.net\/wp-content\/uploads\/2025\/10\/2--scaled.jpg","width":2560,"height":1920},{"@type":"BreadcrumbList","@id":"https:\/\/www.raylo.net\/product\/ll-sc1232-s55s-canned-motor-pump\/#breadcrumb","itemListElement":[{"@type":"ListItem","position":1,"name":"Home","item":"https:\/\/www.raylo.net\/"},{"@type":"ListItem","position":2,"name":"Shop","item":"https:\/\/www.raylo.net\/shop\/"},{"@type":"ListItem","position":3,"name":"RL-SC1232-S50S Canned Motor Pump"}]},{"@type":"WebSite","@id":"https:\/\/www.raylo.net\/#website","url":"https:\/\/www.raylo.net\/","name":"Raylo","description":"","publisher":{"@id":"https:\/\/www.raylo.net\/#organization"},"potentialAction":[{"@type":"SearchAction","target":{"@type":"EntryPoint","urlTemplate":"https:\/\/www.raylo.net\/?s={search_term_string}"},"query-input":{"@type":"PropertyValueSpecification","valueRequired":true,"valueName":"search_term_string"}}],"inLanguage":"de"},{"@type":"Organization","@id":"https:\/\/www.raylo.net\/#organization","name":"Raylo","url":"https:\/\/www.raylo.net\/","logo":{"@type":"ImageObject","inLanguage":"de","@id":"https:\/\/www.raylo.net\/#\/schema\/logo\/image\/","url":"https:\/\/www.raylo.net\/wp-content\/uploads\/2025\/09\/Logo.svg","contentUrl":"https:\/\/www.raylo.net\/wp-content\/uploads\/2025\/09\/Logo.svg","caption":"Raylo"},"image":{"@id":"https:\/\/www.raylo.net\/#\/schema\/logo\/image\/"}}]}},"_links":{"self":[{"href":"https:\/\/www.raylo.net\/de\/wp-json\/wp\/v2\/product\/1015","targetHints":{"allow":["GET"]}}],"collection":[{"href":"https:\/\/www.raylo.net\/de\/wp-json\/wp\/v2\/product"}],"about":[{"href":"https:\/\/www.raylo.net\/de\/wp-json\/wp\/v2\/types\/product"}],"replies":[{"embeddable":true,"href":"https:\/\/www.raylo.net\/de\/wp-json\/wp\/v2\/comments?post=1015"}],"wp:featuredmedia":[{"embeddable":true,"href":"https:\/\/www.raylo.net\/de\/wp-json\/wp\/v2\/media\/1019"}],"wp:attachment":[{"href":"https:\/\/www.raylo.net\/de\/wp-json\/wp\/v2\/media?parent=1015"}],"wp:term":[{"taxonomy":"application","embeddable":true,"href":"https:\/\/www.raylo.net\/de\/wp-json\/wp\/v2\/application?post=1015"},{"taxonomy":"controller","embeddable":true,"href":"https:\/\/www.raylo.net\/de\/wp-json\/wp\/v2\/controller?post=1015"},{"taxonomy":"pump-design","embeddable":true,"href":"https:\/\/www.raylo.net\/de\/wp-json\/wp\/v2\/pump-design?post=1015"},{"taxonomy":"pump-series","embeddable":true,"href":"https:\/\/www.raylo.net\/de\/wp-json\/wp\/v2\/pump-series?post=1015"},{"taxonomy":"stereotype-standard","embeddable":true,"href":"https:\/\/www.raylo.net\/de\/wp-json\/wp\/v2\/stereotype-standard?post=1015"},{"taxonomy":"product_brand","embeddable":true,"href":"https:\/\/www.raylo.net\/de\/wp-json\/wp\/v2\/product_brand?post=1015"},{"taxonomy":"product_cat","embeddable":true,"href":"https:\/\/www.raylo.net\/de\/wp-json\/wp\/v2\/product_cat?post=1015"},{"taxonomy":"product_tag","embeddable":true,"href":"https:\/\/www.raylo.net\/de\/wp-json\/wp\/v2\/product_tag?post=1015"}],"curies":[{"name":"wp","href":"https:\/\/api.w.org\/{rel}","templated":true}]}}